{"id":121,"date":"2018-08-13T16:09:19","date_gmt":"2018-08-13T16:09:19","guid":{"rendered":"http:\/\/dev.absolutagentur.ch\/ivanschnider\/?page_id=7"},"modified":"2020-09-22T13:57:53","modified_gmt":"2020-09-22T13:57:53","slug":"home","status":"publish","type":"page","link":"https:\/\/ivanschnidercompany.com\/","title":{"rendered":"Home"},"content":{"rendered":"<!-- The video -->\n<div class=\"con video\" at=\"video\" en=\"video\">\n  <article>\n<video autoplay muted playsinline loop id=\"myVideo\">\n  <source src=\"https:\/\/ivanschnidercompany.com\/wp-content\/uploads\/2020\/09\/Ivan-Schnider-Schwarz-Weiss-weboptimiert.mp4\" type=\"video\/mp4\">\n<\/video>\n  <\/article>\n  \n  <div class=\"border\"><\/div>\n  <a href=\"Javascript:;\" onClick=\"jumpTo('start')\">\n      <div class=\"initial-branding\">\n    <img class=\"logo\" src=\"https:\/\/ivanschnidercompany.com\/wp-content\/uploads\/2018\/08\/logo.svg\"><br>\n      <img class=\"arrow\" src=\"https:\/\/ivanschnidercompany.com\/wp-content\/uploads\/2018\/08\/Icon_arrow_down.svg\">\n      <\/div>\n    <\/a>\n<\/div>\r\n\n\n\n<div id=\"wpv-view-layout-20\" class=\"js-wpv-view-layout js-wpv-layout-responsive js-wpv-view-layout-20\" data-viewnumber=\"20\" data-pagination=\"{&quot;id&quot;:&quot;20&quot;,&quot;query&quot;:&quot;normal&quot;,&quot;type&quot;:&quot;disabled&quot;,&quot;effect&quot;:&quot;fade&quot;,&quot;duration&quot;:&quot;500&quot;,&quot;speed&quot;:&quot;5&quot;,&quot;pause_on_hover&quot;:&quot;disabled&quot;,&quot;stop_rollover&quot;:&quot;false&quot;,&quot;cache_pages&quot;:&quot;enabled&quot;,&quot;preload_images&quot;:&quot;enabled&quot;,&quot;preload_pages&quot;:&quot;enabled&quot;,&quot;preload_reach&quot;:&quot;1&quot;,&quot;spinner&quot;:&quot;builtin&quot;,&quot;spinner_image&quot;:&quot;https:\/\/ivanschnidercompany.com\/wp-content\/plugins\/wp-views\/embedded\/res\/img\/ajax-loader.gif&quot;,&quot;callback_next&quot;:&quot;&quot;,&quot;manage_history&quot;:&quot;enabled&quot;,&quot;has_controls_in_form&quot;:&quot;disabled&quot;,&quot;infinite_tolerance&quot;:&quot;0&quot;,&quot;max_pages&quot;:0,&quot;page&quot;:1,&quot;base_permalink&quot;:&quot;\/index.php\/wp-json\/wp\/v2\/pages\/121?wpv_view_count=20&amp;wpv_paged=WPV_PAGE_NUM&quot;,&quot;loop&quot;:{&quot;type&quot;:&quot;&quot;,&quot;name&quot;:&quot;&quot;,&quot;data&quot;:[],&quot;id&quot;:0}}\" data-permalink=\"\/index.php\/wp-json\/wp\/v2\/pages\/121?wpv_view_count=20\">\n\n\n\n\n\n    <div class=\"test\">\n        <img class=\"brand\" src=\"https:\/\/ivanschnidercompany.com\/wp-content\/uploads\/2018\/08\/bildmarke.svg\">\n        <section>Start<\/section>\n    <\/div>\n\n\n\n    \n    <div class=\"con\" at=\"start\" en=\"start\" style=\"touch-action: none;\">\n        <div class=\"sub\">\n            \n            <img class=\"logo\" src=\"https:\/\/ivanschnidercompany.com\/wp-content\/uploads\/2018\/08\/logo.svg\">\n            \n            <div class=\"vert de\">\n                <h1>Sch\u00f6nheit aus Passion<\/h1>\n\n\n\n\n                \n\n\n            <\/div>\n\n            <div class=\"vert en\">\n                <h1>BEAUTY OUT OF PASSION.<\/h1>\n\n\n\n                \n\n            <\/div>\n        <\/div>\n\n      \n        <div class=\"main\" id=\"start\" style=\"background-image:url(https:\/\/ivanschnidercompany.com\/wp-content\/uploads\/2018\/08\/Hauptbild_zugeschnitten.jpg);\"> <\/div> \n      \n      \n      \n\n        \n        <div class=\"reminder\">\n            <a href=\"https:\/\/ivanschnidercompany.com\/index.php\/young-price\/\">\n                <img src=\"https:\/\/ivanschnidercompany.com\/wp-content\/uploads\/2019\/12\/young_icon.svg\">\n            <\/a>\n        <\/div> \n        \n\n        \n\n\n\n        <div class=\"next mobile\">\n            <a href=\"javascript:void(0)\" onclick=\"nextMob(this)\">\n                <img src=\"https:\/\/ivanschnidercompany.com\/wp-content\/uploads\/2018\/08\/Icon_arrow_down.svg\">\n            <\/a>\n        <\/div>\n    <\/div>\n    \n\n\n    \n\n\n\n    <div class=\"test\">\n        <img class=\"brand\" src=\"https:\/\/ivanschnidercompany.com\/wp-content\/uploads\/2018\/08\/bildmarke.svg\">\n        <section>Raum<\/section>\n    <\/div>\n\n\n\n    \n    <div class=\"con\" at=\"raum\" en=\"studio\" style=\"touch-action: none;\">\n        <div class=\"sub\">\n            \n            <div class=\"vert de\">\n                <h1>Sch\u00f6nheit aus Passion<\/h1>\n<p>Angetrieben durch die Passion zur Sch\u00f6nheit. Inspiriert durch eine Umgebung, die grossz\u00fcgiges und kreatives Schaffen erm\u00f6glicht. Mit der Vision, \u00c4sthetik mit der individuellen Pers\u00f6nlichkeit und Lebenskultur zu verbinden.<\/p>\n\n\n\n\n                \n\n\n            <\/div>\n\n            <div class=\"vert en\">\n                <h1>BEAUTY OUT OF PASSION.<\/h1>\n<p>Powered by the passion for beauty. Inspired by an ambience that allowes generous and creative work. with the vision to combine aesthetics width individual personality and lifestyle culcture.<\/p>\n\n\n\n                \n\n            <\/div>\n        <\/div>\n\n      \n      \n      \n             \n\n\n<div id=\"wpv-view-layout-14834-CPID123\" class=\"js-wpv-view-layout js-wpv-layout-responsive js-wpv-view-layout-14834-CPID123\" data-viewnumber=\"14834-CPID123\" data-pagination=\"{&quot;id&quot;:&quot;14834&quot;,&quot;query&quot;:&quot;normal&quot;,&quot;type&quot;:&quot;disabled&quot;,&quot;effect&quot;:&quot;fade&quot;,&quot;duration&quot;:500,&quot;speed&quot;:5,&quot;pause_on_hover&quot;:&quot;disabled&quot;,&quot;stop_rollover&quot;:&quot;false&quot;,&quot;cache_pages&quot;:&quot;enabled&quot;,&quot;preload_images&quot;:&quot;enabled&quot;,&quot;preload_pages&quot;:&quot;enabled&quot;,&quot;preload_reach&quot;:1,&quot;spinner&quot;:&quot;builtin&quot;,&quot;spinner_image&quot;:&quot;https:\/\/ivanschnidercompany.com\/wp-content\/plugins\/wp-views\/embedded\/res\/img\/ajax-loader.gif&quot;,&quot;callback_next&quot;:&quot;&quot;,&quot;manage_history&quot;:&quot;enabled&quot;,&quot;has_controls_in_form&quot;:&quot;disabled&quot;,&quot;infinite_tolerance&quot;:&quot;0&quot;,&quot;max_pages&quot;:0,&quot;page&quot;:1,&quot;base_permalink&quot;:&quot;\/index.php\/wp-json\/wp\/v2\/pages\/121?wpv_view_count=14834-CPID123&amp;wpv_paged=WPV_PAGE_NUM&quot;,&quot;loop&quot;:{&quot;type&quot;:&quot;&quot;,&quot;name&quot;:&quot;&quot;,&quot;data&quot;:&#091;&#093;,&quot;id&quot;:0}}\" data-permalink=\"\/index.php\/wp-json\/wp\/v2\/pages\/121?wpv_view_count=14834-CPID123\">\n\n\t\n\t\n<div class=\"main slider\" id=\"raum\">\n            <section>\n\t\t\n           <div class=\"slider-image\" style=\"background-image:url(https:\/\/ivanschnidercompany.com\/wp-content\/uploads\/2018\/08\/Bilder_Raum.jpg);\"> <\/div>\n\t\t\n           <div class=\"slider-image\" style=\"background-image:url(https:\/\/ivanschnidercompany.com\/wp-content\/uploads\/2018\/08\/Bilder_Raum2.jpg);\"> <\/div>\n\t\t\n           <div class=\"slider-image\" style=\"background-image:url(https:\/\/ivanschnidercompany.com\/wp-content\/uploads\/2018\/08\/Bilder_Raum3.jpg);\"> <\/div>\n\t\t\n                        <\/section>\n          <\/div> \n\t\n\t\n\t\n<\/div>\n\n      \n\n        \n\n        \n\n\n\n        <div class=\"next mobile\">\n            <a href=\"javascript:void(0)\" onclick=\"nextMob(this)\">\n                <img src=\"https:\/\/ivanschnidercompany.com\/wp-content\/uploads\/2018\/08\/Icon_arrow_down.svg\">\n            <\/a>\n        <\/div>\n    <\/div>\n    \n\n\n    \n\n\n\n    <div class=\"test\">\n        <img class=\"brand\" src=\"https:\/\/ivanschnidercompany.com\/wp-content\/uploads\/2018\/08\/bildmarke.svg\">\n        <section>Team<\/section>\n    <\/div>\n\n\n\n    \n    <div class=\"con\" at=\"team\" en=\"team\" style=\"touch-action: none;\">\n        <div class=\"sub\">\n            \n            <div class=\"vert de\">\n                <h2><span class=\"\">\u00abUnsere Kreationen setzen Akzente und betonen die Pers\u00f6nlichkeit, sie haben nie den Anspruch zu ver\u00e4ndern oder t\u00e4uschen.\u00bb<\/span><\/h2>\n<div class=\"\"><span class=\"\">\u00a0<\/span><\/div>\n<div class=\"\"><span class=\"\">IVAN GILBERT SCHNIDER<\/span><\/div>\n<div class=\"\">\n<div class=\"\" dir=\"auto\">\n<div class=\"\" dir=\"auto\">\n<div class=\"\" dir=\"auto\">\n<div class=\"\" dir=\"auto\">\n<div class=\"\" dir=\"auto\">\n<div class=\"\"><\/div>\n<\/div>\n<\/div>\n<\/div>\n<\/div>\n<\/div>\n<\/div>\n\n\n                \n                <a class=\"de\" href=\"javascript:void(0)\" onclick=\"showTeam()\" id=\"tp\">\n                    <h2>Team<\/h2> \n                <\/a> \n                \n\n                \n\n\n            <\/div>\n\n            <div class=\"vert en\">\n                <h2><span class=\"\">\u00abOur creations set accents and emphasise the personality, they never claim to change or deceive.\u00bb<\/span><\/h2>\n<div class=\"\"><span class=\"\">\u00a0<\/span><\/div>\n<div class=\"\"><span class=\"\">IVAN GILBERT SCHNIDER<\/span><\/div>\n<div class=\"\">\n<div class=\"\" dir=\"auto\">\n<div class=\"\" dir=\"auto\">\n<div class=\"\" dir=\"auto\">\n<div class=\"\" dir=\"auto\">\n<div class=\"\" dir=\"auto\">\n<div class=\"\"><\/div>\n<\/div>\n<\/div>\n<\/div>\n<\/div>\n<\/div>\n<\/div>\n\n\n                \n              <a class=\"en\" href=\"javascript:void(0)\" onclick=\"showTeam()\" id=\"tp\">\n                    <h2>Team<\/h2> \n                <\/a> \n                \n                \n\n            <\/div>\n        <\/div>\n\n      \n        <div class=\"main\" id=\"team\" style=\"background-image:url(https:\/\/ivanschnidercompany.com\/wp-content\/uploads\/2020\/12\/ALI_ZIGELI-5.jpg);\"> <\/div> \n      \n      \n      \n\n        \n\n        \n\n                \n\n        <div class=\"main\" id=\"z3\">\n            <div id=\"employees\">\n                \n\n\n<div id=\"wpv-view-layout-16\" class=\"js-wpv-view-layout js-wpv-layout-responsive js-wpv-view-layout-16\" data-viewnumber=\"16\" data-pagination=\"{&quot;id&quot;:&quot;16&quot;,&quot;query&quot;:&quot;normal&quot;,&quot;type&quot;:&quot;disabled&quot;,&quot;effect&quot;:&quot;fade&quot;,&quot;duration&quot;:&quot;500&quot;,&quot;speed&quot;:&quot;5&quot;,&quot;pause_on_hover&quot;:&quot;disabled&quot;,&quot;stop_rollover&quot;:&quot;false&quot;,&quot;cache_pages&quot;:&quot;enabled&quot;,&quot;preload_images&quot;:&quot;enabled&quot;,&quot;preload_pages&quot;:&quot;enabled&quot;,&quot;preload_reach&quot;:&quot;1&quot;,&quot;spinner&quot;:&quot;builtin&quot;,&quot;spinner_image&quot;:&quot;https:\/\/ivanschnidercompany.com\/wp-content\/plugins\/wp-views\/embedded\/res\/img\/ajax-loader.gif&quot;,&quot;callback_next&quot;:&quot;&quot;,&quot;manage_history&quot;:&quot;enabled&quot;,&quot;has_controls_in_form&quot;:&quot;disabled&quot;,&quot;infinite_tolerance&quot;:&quot;0&quot;,&quot;max_pages&quot;:0,&quot;page&quot;:1,&quot;base_permalink&quot;:&quot;\/index.php\/wp-json\/wp\/v2\/pages\/121?wpv_view_count=16&amp;wpv_paged=WPV_PAGE_NUM&quot;,&quot;loop&quot;:{&quot;type&quot;:&quot;&quot;,&quot;name&quot;:&quot;&quot;,&quot;data&quot;:&#091;&#093;,&quot;id&quot;:0}}\" data-permalink=\"\/index.php\/wp-json\/wp\/v2\/pages\/121?wpv_view_count=16\">\n\n\t\n\t\n<div class=\"col-sm-8 col-sm-offset-4 col-xs-6 col-xs-offset-6\" id=\"tm\">\n\t\n\t\t\n\t\t<div class=\"row team-container\">\n\t\t\t<div class=\"col-sm-6\"><div class=\"employee\" style=\"background-image:url(https:\/\/ivanschnidercompany.com\/wp-content\/uploads\/2018\/10\/joshua-benz-1.jpg);\">\n  <div class=\"employee-inner de\">\n    <p><b>Joshua Benz<\/b><br>\n    Hairstylist & Color Expert<\/p>\n    <br>\n    <br>\n    <p>Seit 2017 bei IVAN SCHNIDER COMPANY<\/p>\n  <\/div>\n  \n  <div class=\"employee-inner en\">\n    <p><b>Joshua Benz<\/b><br>\n    Hairstylist & Color Expert<\/p>\n    <br>\n    <br>\n    <p>At IVAN SCHNIDER COMPANY since 2017<\/p>\n  <\/div>\n<\/div><\/div>\n\t\t\n\t\t\n\t\t\t<div class=\"col-sm-6\"><div class=\"employee\" style=\"background-image:url(https:\/\/ivanschnidercompany.com\/wp-content\/uploads\/2023\/09\/marinela-tsantouli.jpg);\">\n  <div class=\"employee-inner de\">\n    <p><b>Marinela Tsantouli<\/b><br>\n    Hairstylist & Color Expert<\/p>\n    <br>\n    <br>\n    <p>Seit 2023 bei IVAN SCHNIDER COMPANY<\/p>\n  <\/div>\n  \n  <div class=\"employee-inner en\">\n    <p><b>Marinela Tsantouli<\/b><br>\n    Hairstylist & Color Expert<\/p>\n    <br>\n    <br>\n    <p>At IVAN SCHNIDER COMPANY since 2023<\/p>\n  <\/div>\n<\/div><\/div>\n\t\t<\/div>\n\t\t\n\t\t\n\t\t<div class=\"row team-container\">\n\t\t\t<div class=\"col-sm-6\"><div class=\"employee\" style=\"background-image:url(https:\/\/ivanschnidercompany.com\/wp-content\/uploads\/2023\/09\/alona-kedyk.jpg);\">\n  <div class=\"employee-inner de\">\n    <p><b>Alona Kedyk<\/b><br>\n    Junior Hairstylist<\/p>\n    <br>\n    <br>\n    <p>Seit 2023 bei IVAN SCHNIDER COMPANY<\/p>\n  <\/div>\n  \n  <div class=\"employee-inner en\">\n    <p><b>Alona Kedyk<\/b><br>\n    Junior Hairstylist<\/p>\n    <br>\n    <br>\n    <p>At IVAN SCHNIDER COMPANY since 2023<\/p>\n  <\/div>\n<\/div><\/div>\n\t\t\n\t\t\t<div class=\"col-sm-6\"><\/div>\n\t\t<\/div>\n\t\n<\/div>\n\t\n\t\n\t\n<\/div>\n            <\/div>\n        <\/div>\n        \n\n        <div class=\"next mobile\">\n            <a href=\"javascript:void(0)\" onclick=\"nextMob(this)\">\n                <img src=\"https:\/\/ivanschnidercompany.com\/wp-content\/uploads\/2018\/08\/Icon_arrow_down.svg\">\n            <\/a>\n        <\/div>\n    <\/div>\n    \n\n\n    \n\n\n\n    <div class=\"test\">\n        <img class=\"brand\" src=\"https:\/\/ivanschnidercompany.com\/wp-content\/uploads\/2018\/08\/bildmarke.svg\">\n        <section>Angebot<\/section>\n    <\/div>\n\n\n\n    \n\n\n                   \n    <div class=\"con\" at=\"angebot\"  en=\"service\">\n        <div class=\"angebot\">\n            \n            <div class=\"gents option\" id=\"herren\" style=\"background-image:url(https:\/\/ivanschnidercompany.com\/wp-content\/uploads\/2018\/08\/unnamed.jpg);\">\n    <div class=\"overlay\">\n        <h1 class=\"line\">Gents<\/h1>\n        <h1 class=\"line hide\" id=\"short\">G<\/h1>\n    <\/div>\n<\/div>\n<div class=\"overlay_gents\">\n    <div class=\"angebotsbild\" style=\"background-image:url(https:\/\/ivanschnidercompany.com\/wp-content\/uploads\/2018\/08\/unnamed.jpg);\">\n    <\/div>                              \n  <section>\n    <div class=\"de\">\n        <h1>Gents<\/h1>\n<h4>KLASSIKER<\/h4>\n<h2>CUT AND STYLE<\/h2>\n<div class=\"row\">\n<div class=\"col-xs-7\">By JOSHUA BENZ<\/div>\n<div class=\"col-xs-4 text-right\">CHF 80-100<\/div>\n<div class=\"col-xs-7\">By IVAN SCHNIDER<\/div>\n<div class=\"col-xs-4 text-right\">CHF 145\u2013165<\/div>\n<\/div>\n\n    <\/div>\n\n    <div class=\"en\">\n        <h1>Gents<\/h1>\r\n<h4>CLASSIC<\/h4>\r\n<h2>CUT AND STYLE<\/h2>\r\n<div class=\"row\">\r\n<div class=\"col-xs-7\">By ZENO SALTON<\/div>\r\n<div class=\"col-xs-4 text-right\">CHF 75<\/div>\r\n<div class=\"col-xs-7\">By Domenico De Simone<\/div>\r\n<div class=\"col-xs-4 text-right\">CHF 90<\/div>\r\n<div class=\"col-xs-7\">By Ivan Schnider<\/div>\r\n<div class=\"col-xs-4 text-right\">CHF 130\u2013150<\/div>\r\n<\/div>\n    <\/div>\n\n    <div class=\"changer\">\n        <a href=\"javascript:void(0);\" onclick=\"changeOffer('ladies')\">\n            <h1 class=\"line\" id=\"short\">L<\/h1>\n        <\/a>\n    <\/div>\n    <\/section>\n<\/div>\n\n            <div class=\"ladies option\" id=\"damen\" style=\"background-image:url(https:\/\/ivanschnidercompany.com\/wp-content\/uploads\/2018\/08\/Sabine_Heierli32586-v2.jpg);\">\n    <div class=\"overlay\">\n        <h1 class=\"line\">Ladies<\/h1>\n        <h1 class=\"line hide\" id=\"short\">L<\/h1>\n    <\/div>\n\n<\/div>\n\n<div class=\"overlay_ladies\">\n    <div class=\"angebotsbild\" style=\"background-image:url(https:\/\/ivanschnidercompany.com\/wp-content\/uploads\/2018\/08\/Sabine_Heierli32586-v2.jpg);\">\n    <\/div>\n    <section>\n      \n                                   <div class=\"de\">\n        <h1>Ladies<\/h1>\n<h4>KLASSIKER<\/h4>\n<h2>CUT AND STYLE<\/h2>\n<div class=\"row\">\n<div class=\"col-xs-7\">By JOSHUA BENZ<\/div>\n<div class=\"col-xs-4 text-right\">CHF 135\u2013175<\/div>\n<div class=\"col-xs-7\">By IVAN SCHNIDER<\/div>\n<div class=\"col-xs-4 text-right\">CHF 210\u2013250<\/div>\n<\/div>\n<h2>BRUSHING<\/h2>\n<div class=\"row\">\n<div class=\"col-xs-7\">By JOSHUA BENZ<\/div>\n<div class=\"col-xs-4 text-right\">CHF 80\u2013100<\/div>\n<div class=\"col-xs-7\">By IVAN SCHNIDER<\/div>\n<div class=\"col-xs-4 text-right\">CHF 110\u2013135<\/div>\n<\/div>\n<hr \/>\n<h2>HIGH LIGHT\/LOW LIGHT<\/h2>\n<h3>CHF 130\u2013330<\/h3>\n<h2>COLOR<\/h2>\n<h3>CHF 90\u2013150<\/h3>\n<h2>BALAYAGE<\/h2>\n<h3>CHF 200-300<\/h3>\n<h2>TREATMENT<\/h2>\n<h3>CHF 45-75<\/h3>\n\n      <\/div>\n      \n                                    <div class=\"en\">\n                                      <h1>Ladies<\/h1>\r\n<h4>CLASSIC<\/h4>\r\n<h2>CUT AND STYLE<\/h2>\r\n<div class=\"row\">\r\n<div class=\"col-xs-7\">By ZENO SALTON<\/div>\r\n<div class=\"col-xs-4 text-right\">CHF 105\u2013120<\/div>\r\n<div class=\"col-xs-7\">By DOMENICO DE SIMONE<\/div>\r\n<div class=\"col-xs-4 text-right\">CHF 145\u2013165<\/div>\r\n<div class=\"col-xs-7\">By IVAN SCHNIDER<\/div>\r\n<div class=\"col-xs-4 text-right\">CHF 190\u2013240<\/div>\r\n<\/div>\r\n<h2>BRUSHING<\/h2>\r\n<div class=\"row\">\r\n<div class=\"col-xs-7\">By ZENO SALTON<\/div>\r\n<div class=\"col-xs-4 text-right\">CHF 65\u201380<\/div>\r\n<div class=\"col-xs-7\">By DOMENICO DE SIMONE<\/div>\r\n<div class=\"col-xs-4 text-right\">CHF 80\u201395<\/div>\r\n<div class=\"col-xs-7\">By IVAN SCHNIDER<\/div>\r\n<div class=\"col-xs-4 text-right\">CHF 100\u2013120<\/div>\r\n<\/div>\r\n\r\n<hr \/>\r\n\r\n<h2>HIGH LIGHT\/LOW LIGHT<\/h2>\r\n<h3>CHF 80\u2013330<\/h3>\r\n<h2>COLOR<\/h2>\r\n<h3>CHF 70\u2013140<\/h3>\r\n<h2>SOFT COLOR\/COLOR CARE<\/h2>\r\n<h3>CHF 70\u201390<\/h3>\n                                      <\/div>\n      \n        <div class=\"changer\">\n            <a href=\"javascript:void(0);\" onclick=\"changeOffer('gents')\">\n                <h1 class=\"line\" id=\"short\">G<\/h1>\n            <\/a>\n        <\/div>\n    <\/section>\n<\/div>\n            \n \n        <\/div>\n\n        <div class=\"next mobile\">\n            <a href=\"javascript:void(0)\" onclick=\"nextMob(this)\">\n                <img src=\"https:\/\/ivanschnidercompany.com\/wp-content\/uploads\/2018\/08\/Icon_arrow_down.svg\">\n            <\/a>\n        <\/div>\n    <\/div>\n    \n\n\n\n    <div class=\"test\">\n        <img class=\"brand\" src=\"https:\/\/ivanschnidercompany.com\/wp-content\/uploads\/2018\/08\/bildmarke.svg\">\n        <section>Produkte<\/section>\n    <\/div>\n\n\n\n    \n    <div class=\"con\" at=\"produkte\" en=\"products\" style=\"touch-action: none;\">\n        <div class=\"sub\">\n            \n            <img class=\"logo\" src=\"https:\/\/ivanschnidercompany.com\/wp-content\/uploads\/2018\/08\/logo.svg\">\n            \n            <div class=\"vert de\">\n                <h1>EXKLUSIV<br \/>\nVERNETZT<\/h1>\n<p>Bei uns kommen ausschliesslich Produkte<br \/>\nfolgender Partner zum Einsatz.<\/p>\n<h2><\/h2>\n<h2>ORIBE<\/h2>\n<h2>SHU UEMURA<\/h2>\n<h2>K\u00c9RASTASE<\/h2>\n<h2>L\u2019OR\u00c9AL PROFESSIONNEL<\/h2>\n\n\n\n\n                \n\n\n            <\/div>\n\n            <div class=\"vert en\">\n                <h1>EXCLUSIVE NETWORK<\/h1>\n<p>We only use products of the following partners:<\/p>\n<h2><\/h2>\n<h2>ORIBE<\/h2>\n<h2>SHU UEMURA<\/h2>\n<h2>K\u00c9RASTASE<\/h2>\n<h2>L\u2019OR\u00c9AL PROFESSIONNEL<\/h2>\n\n\n\n                \n\n            <\/div>\n        <\/div>\n\n      \n        <div class=\"main\" id=\"produkte\" style=\"background-image:url(https:\/\/ivanschnidercompany.com\/wp-content\/uploads\/2018\/08\/20190723-SHOOT_IVAN_SCHNIDER_NIS3541-Bearbeitet_1.jpg);\"> <\/div> \n      \n      \n      \n\n        \n\n        \n\n\n\n        <div class=\"next mobile\">\n            <a href=\"javascript:void(0)\" onclick=\"nextMob(this)\">\n                <img src=\"https:\/\/ivanschnidercompany.com\/wp-content\/uploads\/2018\/08\/Icon_arrow_down.svg\">\n            <\/a>\n        <\/div>\n    <\/div>\n    \n\n\n    \n\n\n\n    <div class=\"test\">\n        <img class=\"brand\" src=\"https:\/\/ivanschnidercompany.com\/wp-content\/uploads\/2018\/08\/bildmarke.svg\">\n        <section>Kontakt<\/section>\n    <\/div>\n\n\n\n    \n    <div class=\"con\" at=\"kontakt\" en=\"contact\" style=\"touch-action: none;\">\n        <div class=\"sub\">\n            \n            <img class=\"logo\" src=\"https:\/\/ivanschnidercompany.com\/wp-content\/uploads\/2018\/08\/logo.svg\">\n            \n            <div class=\"vert de\">\n                <h1>Kontakt<\/h1>\n<p>Begegnungen folgen einem Impuls.<br \/>\nLassen Sie sich davon leiten.<\/p>\n<p><strong>Terminvereinbarung<\/strong><br \/>\n071 230 11 30<\/p>\n<p><strong>\u00d6ffnungszeiten<\/strong><br \/>\nDienstag &#8211; Freitag: 9.00 &#8211; 18.30 Uhr<br \/>\nSamstag: 8.00 &#8211; 16.00 Uhr<\/p>\n<p><strong>IVAN SCHNIDER COMPANY<\/strong><br \/>\nOberstrasse 12<br \/>\n9000 St.Gallen<\/p>\n<p><strong>VIP-SERVICE<\/strong><br \/>\nAuf Wunsch k\u00f6nnen private Termine auch ausserhalb der regul\u00e4ren Gesch\u00e4ftszeiten vereinbart werden.<\/p>\n<p>Nehmen Sie mit uns Kontakt auf.<\/p>\n\n\n\n\n                \n                <a class=\"de\" href=\"javascript:void(0)\" onclick=\"showMap()\" id=\"mp\">\n                    <h2>Standort<\/h2> \n                <\/a>\n                \n\n\n            <\/div>\n\n            <div class=\"vert en\">\n                <h1>Contact<\/h1>\n<p>Encounters follow an impulse.<br \/>\nGo by it.<\/p>\n<p><strong>Appointment<br \/>\n<\/strong>071 230 11 30<\/p>\n<p><strong>Opening Hours<br \/>\n<\/strong>Tuesday &#8211; Friday: 9am \u2013 6.30pm<br \/>\nTuesday &#8211; Friday: 9am \u2013 6.30pm<br \/>\nSaturday: 8am \u2013 4pm<\/p>\n<p><strong>IVAN SCHNIDER COMPANY<br \/>\n<\/strong>Oberstrasse 12<br \/>\n9000 St.Gallen<\/p>\n<p><strong>VIP-SERVICE<br \/>\n<\/strong><br \/>It&#8217;s possible to get an appointment outside of our opening hours. Contact us!<\/p>\n\n\n\n                \n                <a class=\"en\" href=\"javascript:void(0)\" onclick=\"showMap()\" id=\"mp\">\n                    <h2>Location<\/h2> \n                <\/a>\n                \n\n            <\/div>\n        <\/div>\n\n      \n        <div class=\"main\" id=\"kontakt\" style=\"background-image:url(https:\/\/ivanschnidercompany.com\/wp-content\/uploads\/2018\/08\/20190714-SHOOT_IVAN_SCHNIDER_NIS3173-Bearbeitet_1_1_1-1.jpg);\"> <\/div> \n      \n      \n      \n\n        \n\n         \n        <div class=\"main\">\n            <div id=\"gmap\"><\/div>\n        <\/div>\n        \n\n\n\n        <div class=\"next mobile\">\n            <a href=\"javascript:void(0)\" onclick=\"nextMob(this)\">\n                <img src=\"https:\/\/ivanschnidercompany.com\/wp-content\/uploads\/2018\/08\/Icon_arrow_down.svg\">\n            <\/a>\n        <\/div>\n    <\/div>\n    \n\n\n    \n\n\n\n<div class=\"next desktop\">\n    <a href=\"javascript:void(0)\" onclick=\"next()\">\n        <img src=\"https:\/\/ivanschnidercompany.com\/wp-content\/uploads\/2018\/08\/Icon_arrow_down.svg\">\n    <\/a>\n<\/div>\n\n\n\n<div class=\"getNewLocation\">\n    <div class=\"relative\">\n        <div class=\"closing\" id=\"con\">\n            <a onclick=\"resetContact()\">\n                <img class=\"close\" src=\"https:\/\/ivanschnidercompany.com\/wp-content\/uploads\/2018\/08\/Icon_Schliessen.svg\">\n            <\/a>\n        <\/div>\n            <img class=\"new-location\" src=\"https:\/\/ivanschnidercompany.com\/wp-content\/uploads\/2018\/11\/Bild_New-Location.jpg\" width=\"1756\" height=\"1255\" class=\"size-full\" \/>\n    <\/div>\n<\/div>\n\n\n\n\n<\/div>\r\n","protected":false},"excerpt":{"rendered":"","protected":false},"author":2,"featured_media":0,"parent":0,"menu_order":0,"comment_status":"closed","ping_status":"closed","template":"","meta":[],"yoast_head":"<!-- This site is optimized with the Yoast SEO plugin v14.9 - https:\/\/yoast.com\/wordpress\/plugins\/seo\/ -->\n<title>Home - Ivan Schnider Company<\/title>\n<meta name=\"robots\" content=\"index, follow, max-snippet:-1, max-image-preview:large, max-video-preview:-1\" \/>\n<link rel=\"canonical\" href=\"https:\/\/ivanschnidercompany.com\/\" \/>\n<meta property=\"og:locale\" content=\"de_DE\" \/>\n<meta property=\"og:type\" content=\"article\" \/>\n<meta property=\"og:title\" content=\"Home - Ivan Schnider Company\" \/>\n<meta property=\"og:url\" content=\"https:\/\/ivanschnidercompany.com\/\" \/>\n<meta property=\"og:site_name\" content=\"Ivan Schnider Company\" \/>\n<meta property=\"article:modified_time\" content=\"2020-09-22T13:57:53+00:00\" \/>\n<meta name=\"twitter:card\" content=\"summary_large_image\" \/>\n<script type=\"application\/ld+json\" class=\"yoast-schema-graph\">{\"@context\":\"https:\/\/schema.org\",\"@graph\":[{\"@type\":\"WebSite\",\"@id\":\"https:\/\/ivanschnidercompany.com\/#website\",\"url\":\"https:\/\/ivanschnidercompany.com\/\",\"name\":\"Ivan Schnider Company\",\"description\":\"Sch\\u00f6nheit aus Passion\",\"potentialAction\":[{\"@type\":\"SearchAction\",\"target\":\"https:\/\/ivanschnidercompany.com\/?s={search_term_string}\",\"query-input\":\"required name=search_term_string\"}],\"inLanguage\":\"de\"},{\"@type\":\"WebPage\",\"@id\":\"https:\/\/ivanschnidercompany.com\/#webpage\",\"url\":\"https:\/\/ivanschnidercompany.com\/\",\"name\":\"Home - Ivan Schnider Company\",\"isPartOf\":{\"@id\":\"https:\/\/ivanschnidercompany.com\/#website\"},\"datePublished\":\"2018-08-13T16:09:19+00:00\",\"dateModified\":\"2020-09-22T13:57:53+00:00\",\"inLanguage\":\"de\",\"potentialAction\":[{\"@type\":\"ReadAction\",\"target\":[\"https:\/\/ivanschnidercompany.com\/\"]}]}]}<\/script>\n<!-- \/ Yoast SEO plugin. -->","_links":{"self":[{"href":"https:\/\/ivanschnidercompany.com\/index.php\/wp-json\/wp\/v2\/pages\/121"}],"collection":[{"href":"https:\/\/ivanschnidercompany.com\/index.php\/wp-json\/wp\/v2\/pages"}],"about":[{"href":"https:\/\/ivanschnidercompany.com\/index.php\/wp-json\/wp\/v2\/types\/page"}],"author":[{"embeddable":true,"href":"https:\/\/ivanschnidercompany.com\/index.php\/wp-json\/wp\/v2\/users\/2"}],"replies":[{"embeddable":true,"href":"https:\/\/ivanschnidercompany.com\/index.php\/wp-json\/wp\/v2\/comments?post=121"}],"version-history":[{"count":4,"href":"https:\/\/ivanschnidercompany.com\/index.php\/wp-json\/wp\/v2\/pages\/121\/revisions"}],"predecessor-version":[{"id":12836,"href":"https:\/\/ivanschnidercompany.com\/index.php\/wp-json\/wp\/v2\/pages\/121\/revisions\/12836"}],"wp:attachment":[{"href":"https:\/\/ivanschnidercompany.com\/index.php\/wp-json\/wp\/v2\/media?parent=121"}],"curies":[{"name":"wp","href":"https:\/\/api.w.org\/{rel}","templated":true}]}}